{"id":31668,"date":"2024-10-18T07:42:47","date_gmt":"2024-10-18T06:42:47","guid":{"rendered":"https:\/\/www.essgroup.se\/terms-of-payment\/"},"modified":"2026-05-13T11:53:22","modified_gmt":"2026-05-13T10:53:22","slug":"betalningsvillkor","status":"publish","type":"page","link":"https:\/\/www.essgroup.se\/sv\/betalningsvillkor\/","title":{"rendered":"Betalningsvillkor"},"content":{"rendered":"<div id=\"about\" class=\"fusion-container-anchor\"><div class=\"fusion-fullwidth fullwidth-box fusion-builder-row-1 nonhundred-percent-fullwidth non-hundred-percent-height-scrolling\" style=\"--awb-background-position:left top;--awb-border-sizes-top:0px;--awb-border-sizes-bottom:0px;--awb-border-sizes-left:0px;--awb-border-sizes-right:0px;--awb-border-radius-top-left:0px;--awb-border-radius-top-right:0px;--awb-border-radius-bottom-right:0px;--awb-border-radius-bottom-left:0px;--awb-padding-top:80px;--awb-padding-bottom:40px;--awb-background-color:#20232c;--awb-flex-wrap:wrap;\" ><div class=\"fusion-builder-row fusion-row\"><div class=\"fusion-layout-column fusion_builder_column fusion-builder-column-0 fusion_builder_column_1_5 1_5 fusion-one-fifth fusion-column-first fusion-no-small-visibility\" style=\"--awb-bg-blend:overlay;--awb-bg-size:cover;width:16.8%; margin-right: 4%;\"><div class=\"fusion-column-wrapper fusion-flex-column-wrapper-legacy\"><div class=\"fusion-clearfix\"><\/div><\/div><\/div><div class=\"fusion-layout-column fusion_builder_column fusion-builder-column-1 fusion_builder_column_3_5 3_5 fusion-three-fifth\" style=\"--awb-bg-blend:overlay;--awb-bg-size:cover;width:58.4%; margin-right: 4%;\"><div class=\"fusion-column-wrapper fusion-flex-column-wrapper-legacy\"><div class=\"fusion-title title fusion-title-1 fusion-sep-none fusion-title-text fusion-title-size-one\" style=\"--awb-margin-bottom:20px;--awb-margin-top-small:0px;--awb-margin-right-small:0px;--awb-margin-bottom-small:20px;--awb-margin-left-small:0px;\"><h1 class=\"fusion-title-heading title-heading-left fusion-responsive-typography-calculated\" style=\"margin:0;--fontSize:43;line-height:1.3;\">Betalningsvillkor<\/h1><\/div><div class=\"fusion-title title fusion-title-2 fusion-sep-none fusion-title-text fusion-title-size-two\" style=\"--awb-margin-top-small:0px;--awb-margin-right-small:0px;--awb-margin-bottom-small:20px;--awb-margin-left-small:0px;--awb-font-size:18px;\"><h2 class=\"fusion-title-heading title-heading-left fusion-responsive-typography-calculated\" style=\"margin:0;font-size:1em;--fontSize:18;--minFontSize:18;line-height:1.5;\">Allt om villkoren<\/h2><\/div><div class=\"fusion-text fusion-text-1\"><p data-main-rotation=\"0\">Nedan kan du l\u00e4sa om v\u00e5ra betalningsvillkor som g\u00e4ller n\u00e4r du bokar en vistelse p\u00e5 n\u00e5gon av ESS Hotel Group AB (ESS Group) destinationer. Betalningsvillkoren g\u00e4ller f\u00f6r bokningar som g\u00f6rs direkt med oss, inklusive bokningar via v\u00e5r hemsida, per telefon eller via tredje part. Om andra villkor g\u00e4ller f\u00f6r din bokning via en tredje part kommer dessa att anges i tredje partens villkor. S\u00e4rskilda villkor g\u00e4ller f\u00f6r konferens- och gruppbokningar. Kontakta oss g\u00e4rna om du har n\u00e5gra fr\u00e5gor.<\/p>\n<\/div><div class=\"fusion-title title fusion-title-3 fusion-sep-none fusion-title-text fusion-title-size-two\" style=\"--awb-margin-top-small:0px;--awb-margin-right-small:0px;--awb-margin-bottom-small:20px;--awb-margin-left-small:0px;--awb-font-size:18px;\"><h2 class=\"fusion-title-heading title-heading-left fusion-responsive-typography-calculated\" style=\"margin:0;font-size:1em;--fontSize:18;--minFontSize:18;line-height:1.5;\">Klarna<\/h2><\/div><div class=\"fusion-text fusion-text-2\"><p>Vi str\u00e4var alltid efter att erbjuda smarta, praktiska och enkla l\u00f6sningar f\u00f6r dig som kund. D\u00e4rf\u00f6r har vi valt att samarbeta med Klarna, vilket g\u00f6r att du sj\u00e4lv kan v\u00e4lja hur du vill betala. Alla betalningsmetoder \u00e4r enkla och anpassade efter olika preferenser och behov, och du f\u00e5r \u00e4ven en b\u00e4ttre \u00f6versikt d\u00e5 alla betalningar samlas p\u00e5 ett st\u00e4lle. Du kan v\u00e4lja att betala direkt, senare eller p\u00e5 avbetalning, beroende p\u00e5 vad som passar dig b\u00e4st. L\u00e4s mer h\u00e4r: <a href=\"http:\/\/www.klarna.com\" target=\"_new\" rel=\"noopener\">www.klarna.com<\/a><\/p>\n<\/div><div class=\"fusion-title title fusion-title-4 fusion-sep-none fusion-title-text fusion-title-size-three\" style=\"--awb-margin-top-small:0px;--awb-margin-right-small:0px;--awb-margin-bottom-small:20px;--awb-margin-left-small:0px;--awb-font-size:18px;\"><h3 class=\"fusion-title-heading title-heading-left fusion-responsive-typography-calculated\" style=\"margin:0;font-size:1em;--fontSize:18;--minFontSize:18;line-height:1.6;\">Avboknings- och ombokningsvillkor<\/h3><\/div><div class=\"fusion-text fusion-text-3\"><p>Klicka <a href=\"https:\/\/www.essgroup.se\/av-ombokningsvillkor\/\">h\u00e4r<\/a> f\u00f6r att se av- och ombokningsvilkoren f\u00f6r just den destinationen du bokat.<\/p>\n<\/div><div class=\"fusion-title title fusion-title-5 fusion-sep-none fusion-title-text fusion-title-size-three\" style=\"--awb-margin-top-small:0px;--awb-margin-right-small:0px;--awb-margin-bottom-small:20px;--awb-margin-left-small:0px;--awb-font-size:18px;\"><h3 class=\"fusion-title-heading title-heading-left fusion-responsive-typography-calculated\" style=\"margin:0;font-size:1em;--fontSize:18;--minFontSize:18;line-height:1.6;\">\u00c5terbetalning och retur<\/h3><\/div><div class=\"fusion-text fusion-text-4 fusion-text-no-margin\" style=\"--awb-margin-bottom:0px;\"><div class=\"react-pdf__Page__textContent textLayer\" data-main-rotation=\"0\">Det kan ta upp till 14 dagar innan din \u00e5terbetalning syns p\u00e5 ditt konto. Om du inte har mottagit din \u00e5terbetalning inom 14 dagar, v\u00e4nligen kontakta oss. Om \u00e5terbetalningen \u00e4r kopplad till en betalning hanterad av Klarna kan du hitta mer information h\u00e4r: <a href=\"https:\/\/www.klarna.com\/se\/kundservice\/hur-lang-tid-tar-en-aterbetalning\/\" target=\"_new\" rel=\"noopener\">https:\/\/www.klarna.com\/se\/kundservice\/hur-lang-tid-tar-en-aterbetalning\/<\/a><\/div>\n<div class=\"react-pdf__Page__annotations annotationLayer\" data-main-rotation=\"0\"><\/div>\n<\/div><div class=\"fusion-title title fusion-title-6 fusion-sep-none fusion-title-text fusion-title-size-four\" style=\"--awb-margin-top-small:0px;--awb-margin-right-small:0px;--awb-margin-bottom-small:20px;--awb-margin-left-small:0px;--awb-font-size:18px;\"><h4 class=\"fusion-title-heading title-heading-left fusion-responsive-typography-calculated\" style=\"margin:0;font-size:1em;--fontSize:18;--minFontSize:18;line-height:1.25;\">Pris\u00f6verenskommelsens giltighet<\/h4><\/div><div class=\"fusion-text fusion-text-5\"><p>De \u00f6verenskomna priserna \u00e4r bindande f\u00f6r b\u00e5da parter, men ESS Group f\u00f6rbeh\u00e5ller sig r\u00e4tten att justera priserna till f\u00f6ljd av \u00f6kade kostnader p\u00e5 grund av h\u00f6jda skatter, avgifter eller andra omst\u00e4ndigheter utanf\u00f6r ESS Groups kontroll.<\/p>\n<\/div><div class=\"fusion-clearfix\"><\/div><\/div><\/div><div class=\"fusion-layout-column fusion_builder_column fusion-builder-column-2 fusion_builder_column_1_5 1_5 fusion-one-fifth fusion-column-last fusion-no-small-visibility\" style=\"--awb-bg-blend:overlay;--awb-bg-size:cover;width:16.8%;\"><div class=\"fusion-column-wrapper fusion-flex-column-wrapper-legacy\"><div class=\"fusion-clearfix\"><\/div><\/div><\/div><\/div><\/div><\/div>\n","protected":false},"excerpt":{"rendered":"","protected":false},"author":19,"featured_media":0,"parent":0,"menu_order":0,"comment_status":"closed","ping_status":"closed","template":"100-width.php","meta":{"footnotes":""},"class_list":["post-31668","page","type-page","status-publish","hentry"],"yoast_head":"<!-- This site is optimized with the Yoast SEO plugin v27.4 - https:\/\/yoast.com\/product\/yoast-seo-wordpress\/ -->\n<title>Betalningsvillkor - ESS Group Hotels\u00ae<\/title>\n<meta name=\"robots\" content=\"noindex, nofollow\" \/>\n<meta property=\"og:locale\" content=\"sv_SE\" \/>\n<meta property=\"og:type\" content=\"article\" \/>\n<meta property=\"og:title\" content=\"Betalningsvillkor - ESS Group Hotels\u00ae\" \/>\n<meta property=\"og:url\" content=\"https:\/\/www.essgroup.se\/sv\/betalningsvillkor\/\" \/>\n<meta property=\"og:site_name\" content=\"ESS Group Hotels\u00ae\" \/>\n<meta property=\"article:modified_time\" content=\"2026-05-13T10:53:22+00:00\" \/>\n<meta property=\"og:image\" content=\"https:\/\/www.essgroup.se\/wp-content\/uploads\/2026\/02\/og.webp\" \/>\n\t<meta property=\"og:image:width\" content=\"2048\" \/>\n\t<meta property=\"og:image:height\" content=\"1152\" \/>\n\t<meta property=\"og:image:type\" content=\"image\/webp\" \/>\n<meta name=\"twitter:card\" content=\"summary_large_image\" \/>\n<meta name=\"twitter:label1\" content=\"Ber\u00e4knad l\u00e4stid\" \/>\n\t<meta name=\"twitter:data1\" content=\"2 minuter\" \/>\n<script type=\"application\/ld+json\" class=\"yoast-schema-graph\">{\"@context\":\"https:\\\/\\\/schema.org\",\"@graph\":[{\"@type\":\"WebPage\",\"@id\":\"https:\\\/\\\/www.essgroup.se\\\/sv\\\/betalningsvillkor\\\/\",\"url\":\"https:\\\/\\\/www.essgroup.se\\\/sv\\\/betalningsvillkor\\\/\",\"name\":\"Betalningsvillkor - ESS Group Hotels\u00ae\",\"isPartOf\":{\"@id\":\"https:\\\/\\\/www.essgroup.se\\\/#website\"},\"datePublished\":\"2024-10-18T06:42:47+00:00\",\"dateModified\":\"2026-05-13T10:53:22+00:00\",\"breadcrumb\":{\"@id\":\"https:\\\/\\\/www.essgroup.se\\\/sv\\\/betalningsvillkor\\\/#breadcrumb\"},\"inLanguage\":\"sv-SE\",\"potentialAction\":[{\"@type\":\"ReadAction\",\"target\":[\"https:\\\/\\\/www.essgroup.se\\\/sv\\\/betalningsvillkor\\\/\"]}]},{\"@type\":\"BreadcrumbList\",\"@id\":\"https:\\\/\\\/www.essgroup.se\\\/sv\\\/betalningsvillkor\\\/#breadcrumb\",\"itemListElement\":[{\"@type\":\"ListItem\",\"position\":1,\"name\":\"Hem\",\"item\":\"https:\\\/\\\/www.essgroup.se\\\/sv\\\/\"},{\"@type\":\"ListItem\",\"position\":2,\"name\":\"Betalningsvillkor\"}]},{\"@type\":\"WebSite\",\"@id\":\"https:\\\/\\\/www.essgroup.se\\\/#website\",\"url\":\"https:\\\/\\\/www.essgroup.se\\\/\",\"name\":\"ESS Group Hotels\u00ae\",\"description\":\"\",\"potentialAction\":[{\"@type\":\"SearchAction\",\"target\":{\"@type\":\"EntryPoint\",\"urlTemplate\":\"https:\\\/\\\/www.essgroup.se\\\/?s={search_term_string}\"},\"query-input\":{\"@type\":\"PropertyValueSpecification\",\"valueRequired\":true,\"valueName\":\"search_term_string\"}}],\"inLanguage\":\"sv-SE\"}]}<\/script>\n<!-- \/ Yoast SEO plugin. -->","yoast_head_json":{"title":"Betalningsvillkor - ESS Group Hotels\u00ae","robots":{"index":"noindex","follow":"nofollow"},"og_locale":"sv_SE","og_type":"article","og_title":"Betalningsvillkor - ESS Group Hotels\u00ae","og_url":"https:\/\/www.essgroup.se\/sv\/betalningsvillkor\/","og_site_name":"ESS Group Hotels\u00ae","article_modified_time":"2026-05-13T10:53:22+00:00","og_image":[{"width":2048,"height":1152,"url":"https:\/\/www.essgroup.se\/wp-content\/uploads\/2026\/02\/og.webp","type":"image\/webp"}],"twitter_card":"summary_large_image","twitter_misc":{"Ber\u00e4knad l\u00e4stid":"2 minuter"},"schema":{"@context":"https:\/\/schema.org","@graph":[{"@type":"WebPage","@id":"https:\/\/www.essgroup.se\/sv\/betalningsvillkor\/","url":"https:\/\/www.essgroup.se\/sv\/betalningsvillkor\/","name":"Betalningsvillkor - ESS Group Hotels\u00ae","isPartOf":{"@id":"https:\/\/www.essgroup.se\/#website"},"datePublished":"2024-10-18T06:42:47+00:00","dateModified":"2026-05-13T10:53:22+00:00","breadcrumb":{"@id":"https:\/\/www.essgroup.se\/sv\/betalningsvillkor\/#breadcrumb"},"inLanguage":"sv-SE","potentialAction":[{"@type":"ReadAction","target":["https:\/\/www.essgroup.se\/sv\/betalningsvillkor\/"]}]},{"@type":"BreadcrumbList","@id":"https:\/\/www.essgroup.se\/sv\/betalningsvillkor\/#breadcrumb","itemListElement":[{"@type":"ListItem","position":1,"name":"Hem","item":"https:\/\/www.essgroup.se\/sv\/"},{"@type":"ListItem","position":2,"name":"Betalningsvillkor"}]},{"@type":"WebSite","@id":"https:\/\/www.essgroup.se\/#website","url":"https:\/\/www.essgroup.se\/","name":"ESS Group Hotels\u00ae","description":"","potentialAction":[{"@type":"SearchAction","target":{"@type":"EntryPoint","urlTemplate":"https:\/\/www.essgroup.se\/?s={search_term_string}"},"query-input":{"@type":"PropertyValueSpecification","valueRequired":true,"valueName":"search_term_string"}}],"inLanguage":"sv-SE"}]}},"_links":{"self":[{"href":"https:\/\/www.essgroup.se\/sv\/wp-json\/wp\/v2\/pages\/31668","targetHints":{"allow":["GET"]}}],"collection":[{"href":"https:\/\/www.essgroup.se\/sv\/wp-json\/wp\/v2\/pages"}],"about":[{"href":"https:\/\/www.essgroup.se\/sv\/wp-json\/wp\/v2\/types\/page"}],"author":[{"embeddable":true,"href":"https:\/\/www.essgroup.se\/sv\/wp-json\/wp\/v2\/users\/19"}],"replies":[{"embeddable":true,"href":"https:\/\/www.essgroup.se\/sv\/wp-json\/wp\/v2\/comments?post=31668"}],"version-history":[{"count":2,"href":"https:\/\/www.essgroup.se\/sv\/wp-json\/wp\/v2\/pages\/31668\/revisions"}],"predecessor-version":[{"id":31671,"href":"https:\/\/www.essgroup.se\/sv\/wp-json\/wp\/v2\/pages\/31668\/revisions\/31671"}],"wp:attachment":[{"href":"https:\/\/www.essgroup.se\/sv\/wp-json\/wp\/v2\/media?parent=31668"}],"curies":[{"name":"wp","href":"https:\/\/api.w.org\/{rel}","templated":true}]}}